{"id":309,"date":"2020-04-01T08:29:04","date_gmt":"2020-04-01T08:29:04","guid":{"rendered":"http:\/\/www.cremeriascirocco.it\/wordpress\/?page_id=309"},"modified":"2020-04-03T09:54:20","modified_gmt":"2020-04-03T09:54:20","slug":"chi-siamo","status":"publish","type":"page","link":"https:\/\/www.cremeriascirocco.it\/wordpress\/chi-siamo\/","title":{"rendered":"CHI SIAMO"},"content":{"rendered":"<p><div class=\"fusion-fullwidth fullwidth-box fusion-builder-row-1 fusion-parallax-none nonhundred-percent-fullwidth non-hundred-percent-height-scrolling\" style=\"--awb-background-position:right center;--awb-border-radius-top-left:0px;--awb-border-radius-top-right:0px;--awb-border-radius-bottom-right:0px;--awb-border-radius-bottom-left:0px;--awb-padding-top:18%;--awb-padding-bottom:12%;--awb-background-image:linear-gradient(0deg, rgba(231,204,182,0.66) 0%,rgba(0,0,0,0.45) 100%),url(http:\/\/www.cremeriascirocco.it\/wordpress\/wp-content\/uploads\/2020\/03\/MG_6374abs.jpg);;--awb-background-size:cover;--awb-flex-wrap:wrap;\" ><div class=\"fusion-builder-row fusion-row\"><div class=\"fusion-layout-column fusion_builder_column fusion-builder-column-0 fusion_builder_column_1_1 1_1 fusion-one-full fusion-column-first fusion-column-last fusion-animated\" style=\"--awb-bg-position:center center;--awb-bg-size:cover;\" data-animationType=\"fadeInUp\" data-animationDuration=\"1.0\" data-animationOffset=\"top-into-view\"><div class=\"fusion-column-wrapper fusion-column-has-shadow fusion-flex-column-wrapper-legacy\"><div class=\"fusion-title title fusion-title-1 fusion-sep-none fusion-title-center fusion-title-text fusion-title-size-one\" style=\"--awb-margin-bottom:0px;--awb-margin-bottom-small:0px;\"><h1 class=\"fusion-title-heading title-heading-center fusion-responsive-typography-calculated\" style=\"margin:0;--fontSize:100;line-height:1.4;\">Chi SIAMO<br \/><\/h1><\/div><div class=\"fusion-clearfix\"><\/div><\/div><\/div><\/div><\/div><div class=\"fusion-fullwidth fullwidth-box fusion-builder-row-2 fusion-parallax-none nonhundred-percent-fullwidth non-hundred-percent-height-scrolling\" style=\"--awb-background-position:left top;--awb-border-radius-top-left:0px;--awb-border-radius-top-right:0px;--awb-border-radius-bottom-right:0px;--awb-border-radius-bottom-left:0px;--awb-padding-top:6%;--awb-padding-bottom:6%;--awb-background-color:#e7ccb6;--awb-background-image:linear-gradient(259deg, rgba(0,0,0,0.17) 18%,#e7ccb6 80%),url(http:\/\/www.cremeriascirocco.it\/wordpress\/wp-content\/uploads\/2020\/03\/Andrea-Bandiera-Scirocco-_MGL8744-Nikoboi2019-scaled.jpg);;--awb-background-size:cover;--awb-flex-wrap:wrap;\" ><div class=\"fusion-builder-row fusion-row\"><div class=\"fusion-layout-column fusion_builder_column fusion-builder-column-1 fusion_builder_column_1_1 1_1 fusion-one-full fusion-column-first fusion-column-last fusion-animated\" style=\"--awb-padding-bottom:60px;--awb-bg-size:cover;\" data-animationType=\"fadeInDown\" data-animationDuration=\"1.0\" data-animationOffset=\"top-into-view\"><div class=\"fusion-column-wrapper fusion-column-has-shadow fusion-flex-column-wrapper-legacy\"><div class=\"fusion-text fusion-text-1\"><p style=\"text-align: center;\"><strong><span style=\"color: #ffffff;\">BENVENUTI ALLA<\/span><\/strong><\/p>\n<\/div><div class=\"fusion-title title fusion-title-2 fusion-sep-none fusion-title-center fusion-title-text fusion-title-size-two\" style=\"--awb-text-color:#ffffff;--awb-margin-top:-30px;\"><h2 class=\"fusion-title-heading title-heading-center fusion-responsive-typography-calculated\" style=\"margin:0;--fontSize:70;line-height:1.5;\">CREMERIA SCIROCCO<\/h2><\/div><div class=\"fusion-builder-row fusion-builder-row-inner fusion-row\"><div class=\"fusion-layout-column fusion_builder_column_inner fusion-builder-nested-column-0 fusion_builder_column_inner_1_6 1_6 fusion-one-sixth fusion-column-first\" style=\"--awb-bg-size:cover;width:16.666666666667%;width:calc(16.666666666667% - ( ( 4% + 4% ) * 0.16666666666667 ) );margin-right: 4%;\"><div class=\"fusion-column-wrapper fusion-column-has-shadow fusion-flex-column-wrapper-legacy\"><div class=\"fusion-clearfix\"><\/div><\/div><\/div><div class=\"fusion-layout-column fusion_builder_column_inner fusion-builder-nested-column-1 fusion_builder_column_inner_2_3 2_3 fusion-two-third\" style=\"--awb-bg-size:cover;width:66.666666666667%;width:calc(66.666666666667% - ( ( 4% + 4% ) * 0.66666666666667 ) );margin-right: 4%;\"><div class=\"fusion-column-wrapper fusion-column-has-shadow fusion-flex-column-wrapper-legacy\"><div class=\"fusion-text fusion-text-2\"><p><span style=\"color: #ffffff;\">L\u2019idea \u00e8 venuta in seguito a una crisi lavorativa: sono stato un informatico per 16 anni fin quando, nel 2004, non ho sentito l\u2019esigenza di cambiare vita, cercando nuovi stimoli ed esperienze in grado di coinvolgermi.<\/span><\/p>\n<p><span style=\"color: #ffffff;\">E cos\u00ec hai aperto il laboratorio.<\/span><\/p>\n<p><span style=\"color: #ffffff;\">Sono sempre stato appassionato di cucina, in particolare di pasticceria. Ho pensato anche di aprire un ristorante, ma sarebbe stato troppo impegnativo. Seguendo la mia predilezione per i dolci, ho deciso di intraprendere la strada della gelateria, partendo \u2013 come la maggior parte dei gelatieri italiani \u2013 da basi pronte e semi-lavorati.<\/span><\/p>\n<p><span style=\"color: #ffffff;\">Qual \u00e8 stato il punto di svolta?<\/span><\/p>\n<p><span style=\"color: #ffffff;\">Non avevo esperienze nel campo, per cui non sapevo bene come muovermi. Dopo qualche mese, per\u00f2, mi sono reso conto che nel mio lavoro non c\u2019era nulla di artigianale, e cos\u00ec mi sono messo a studiare la chimica degli alimenti, ricercare le materie prime migliori. Inserendo sempre pi\u00f9 prodotti freschi in laboratorio.<\/span><\/p>\n<p><span style=\"color: #ffffff;\">Oggi, quindi, solo materie prime di qualit\u00e0.<\/span><\/p>\n<p><span style=\"color: #ffffff;\">Utilizzo latte crudo da stalla di un contadino che si trova a 10 chilometri dalla gelateria, la panna di una cooperativa locale, e per tutto il resto da piccoli produttori della zona.<\/span><\/p>\n<p><span style=\"color: #ffffff;\">il gelato gastronomico?<\/span><\/p>\n<p><span style=\"color: #ffffff;\">Circa 10 anni fa. Ho cominciato a prendere contatti con degli chef che mi hanno aiutato a crescere e sviluppare le mie conoscenze. Ma soprattutto, il confronto con i cuochi mi ha permesso di affinare le mie capacit\u00e0 di abbinamento. I clienti sono soddisfatti e spesso mi richiedono dei gusti su misura per pranzi e cene, che realizzo per quantitativi minimi di 3 chilogrammi. I Gusti gastronomici che vanno maggiormente a parte Parmigiano e fichi secchi, c\u2019\u00e8 il gorgonzola e noci, \u201cil mio pesto\u201d fatto con pinoli, mandorle, pistacchio, scorza di limone, basilico, extravergine e sale.<\/span><\/p>\n<p><span style=\"color: #ffffff;\">S\u00ec, tutta la linea dei sorbetti \u00e8 priva di lattosio, ma ci sono anche delle creme vegan che cambiano a rotazione, come il pistacchio o la nocciola, realizzate con acqua oppure con latti vegetali, come quello d\u2019avena.<\/span><\/p>\n<p><span style=\"color: #ffffff;\">I semifreddi, realizzati con materie prime d\u2019eccellenza, come il tiramis\u00f9, con caff\u00e8 della torrefazione Lelli Caff\u00e8 e il pan di spagna senza glutine autoprodotto.<\/span><\/p>\n<p><span style=\"color: #ffffff;\">Progetti per il futuro?<\/span><\/p>\n<p><span style=\"color: #ffffff;\">Sto tornando al mondo dell\u2019informatica. Ho creato delle applicazioni per tablet per aiutare i gelatieri nel loro lavoro: bilanciamento dei gusti, stoccaggio, libri di ricette e via dicendo. Tutto consultabile online.<\/span><\/p>\n<\/div><div class=\"fusion-clearfix\"><\/div><\/div><\/div><div class=\"fusion-layout-column fusion_builder_column_inner fusion-builder-nested-column-2 fusion_builder_column_inner_1_6 1_6 fusion-one-sixth fusion-column-last\" style=\"--awb-bg-size:cover;width:16.666666666667%;width:calc(16.666666666667% - ( ( 4% + 4% ) * 0.16666666666667 ) );\"><div class=\"fusion-column-wrapper fusion-column-has-shadow fusion-flex-column-wrapper-legacy\"><div class=\"fusion-clearfix\"><\/div><\/div><\/div><\/div><div class=\"fusion-clearfix\"><\/div><\/div><\/div><div class=\"fusion-layout-column fusion_builder_column fusion-builder-column-2 fusion_builder_column_1_2 1_2 fusion-one-half fusion-column-first fusion-animated\" style=\"--awb-bg-size:cover;--awb-filter:opacity(60%);--awb-filter-transition:filter 0.3s ease;--awb-filter-hover:opacity(100%);--awb-margin-bottom:70px;width:50%;width:calc(50% - ( ( 2% ) * 0.5 ) );margin-right: 2%;\" data-animationType=\"fadeInLeft\" data-animationDuration=\"1.0\" data-animationOffset=\"top-into-view\"><div class=\"fusion-column-wrapper fusion-column-has-shadow fusion-flex-column-wrapper-legacy\"><div class=\"awb-gallery-wrapper awb-gallery-wrapper-1 button-span-no\"><div style=\"margin:-5px;--awb-bordersize:0px;--awb-border-radius:12px;\" class=\"fusion-gallery fusion-gallery-container fusion-grid-1 fusion-columns-total-1 fusion-gallery-layout-grid fusion-gallery-1\"><div style=\"padding:5px;\" class=\"fusion-grid-column fusion-gallery-column fusion-gallery-column-1 hover-type-none\"><div class=\"fusion-gallery-image\"><a href=\"https:\/\/www.cremeriascirocco.it\/wordpress\/wp-content\/uploads\/2020\/03\/Andrea-Bandiera-Scirocco-_MGL8586-Nikoboi2019-scaled.jpg\" rel=\"noreferrer\" data-rel=\"iLightbox[gallery_image_1]\" class=\"fusion-lightbox\" target=\"_self\"><img decoding=\"async\" src=\"https:\/\/www.cremeriascirocco.it\/wordpress\/wp-content\/uploads\/2020\/03\/Andrea-Bandiera-Scirocco-_MGL8586-Nikoboi2019-scaled.jpg\" width=\"2560\" height=\"1707\" alt=\"\" title=\"Andrea Bandiera Scirocco _MGL8586-Nikoboi2019\" aria-label=\"Andrea Bandiera Scirocco _MGL8586-Nikoboi2019\" class=\"img-responsive wp-image-1880\" srcset=\"https:\/\/www.cremeriascirocco.it\/wordpress\/wp-content\/uploads\/2020\/03\/Andrea-Bandiera-Scirocco-_MGL8586-Nikoboi2019-200x133.jpg 200w, https:\/\/www.cremeriascirocco.it\/wordpress\/wp-content\/uploads\/2020\/03\/Andrea-Bandiera-Scirocco-_MGL8586-Nikoboi2019-400x267.jpg 400w, https:\/\/www.cremeriascirocco.it\/wordpress\/wp-content\/uploads\/2020\/03\/Andrea-Bandiera-Scirocco-_MGL8586-Nikoboi2019-600x400.jpg 600w, https:\/\/www.cremeriascirocco.it\/wordpress\/wp-content\/uploads\/2020\/03\/Andrea-Bandiera-Scirocco-_MGL8586-Nikoboi2019-800x533.jpg 800w, https:\/\/www.cremeriascirocco.it\/wordpress\/wp-content\/uploads\/2020\/03\/Andrea-Bandiera-Scirocco-_MGL8586-Nikoboi2019-1200x800.jpg 1200w, https:\/\/www.cremeriascirocco.it\/wordpress\/wp-content\/uploads\/2020\/03\/Andrea-Bandiera-Scirocco-_MGL8586-Nikoboi2019-scaled.jpg 2560w\" sizes=\"(min-width: 2200px) 100vw, (min-width: 640px) 1140px, \" \/><\/a><\/div><\/div><div class=\"clearfix\"><\/div><\/div><\/div><div class=\"fusion-clearfix\"><\/div><\/div><\/div><div class=\"fusion-layout-column fusion_builder_column fusion-builder-column-3 fusion_builder_column_1_2 1_2 fusion-one-half fusion-column-last fusion-animated\" style=\"--awb-bg-size:cover;--awb-filter:opacity(60%);--awb-filter-transition:filter 0.3s ease;--awb-filter-hover:opacity(100%);--awb-margin-bottom:70px;width:50%;width:calc(50% - ( ( 2% ) * 0.5 ) );\" data-animationType=\"fadeInRight\" data-animationDuration=\"1.0\" data-animationOffset=\"top-into-view\"><div class=\"fusion-column-wrapper fusion-column-has-shadow fusion-flex-column-wrapper-legacy\"><div class=\"awb-gallery-wrapper awb-gallery-wrapper-2 button-span-no\"><div style=\"margin:-5px;--awb-bordersize:0px;--awb-border-radius:12px;\" class=\"fusion-gallery fusion-gallery-container fusion-grid-1 fusion-columns-total-1 fusion-gallery-layout-grid fusion-gallery-2\"><div style=\"padding:5px;\" class=\"fusion-grid-column fusion-gallery-column fusion-gallery-column-1 hover-type-none\"><div class=\"fusion-gallery-image\"><a href=\"https:\/\/www.cremeriascirocco.it\/wordpress\/wp-content\/uploads\/2020\/03\/Andrea-Bandiera-Scirocco-_MGL8555-Nikoboi2019-scaled.jpg\" rel=\"noreferrer\" data-rel=\"iLightbox[gallery_image_2]\" class=\"fusion-lightbox\" target=\"_self\"><img decoding=\"async\" src=\"https:\/\/www.cremeriascirocco.it\/wordpress\/wp-content\/uploads\/2020\/03\/Andrea-Bandiera-Scirocco-_MGL8555-Nikoboi2019-scaled.jpg\" width=\"2560\" height=\"1707\" alt=\"\" title=\"Andrea Bandiera Scirocco _MGL8555-Nikoboi2019\" aria-label=\"Andrea Bandiera Scirocco _MGL8555-Nikoboi2019\" class=\"img-responsive wp-image-1929\" srcset=\"https:\/\/www.cremeriascirocco.it\/wordpress\/wp-content\/uploads\/2020\/03\/Andrea-Bandiera-Scirocco-_MGL8555-Nikoboi2019-200x133.jpg 200w, https:\/\/www.cremeriascirocco.it\/wordpress\/wp-content\/uploads\/2020\/03\/Andrea-Bandiera-Scirocco-_MGL8555-Nikoboi2019-400x267.jpg 400w, https:\/\/www.cremeriascirocco.it\/wordpress\/wp-content\/uploads\/2020\/03\/Andrea-Bandiera-Scirocco-_MGL8555-Nikoboi2019-600x400.jpg 600w, https:\/\/www.cremeriascirocco.it\/wordpress\/wp-content\/uploads\/2020\/03\/Andrea-Bandiera-Scirocco-_MGL8555-Nikoboi2019-800x533.jpg 800w, https:\/\/www.cremeriascirocco.it\/wordpress\/wp-content\/uploads\/2020\/03\/Andrea-Bandiera-Scirocco-_MGL8555-Nikoboi2019-1200x800.jpg 1200w, https:\/\/www.cremeriascirocco.it\/wordpress\/wp-content\/uploads\/2020\/03\/Andrea-Bandiera-Scirocco-_MGL8555-Nikoboi2019-scaled.jpg 2560w\" sizes=\"(min-width: 2200px) 100vw, (min-width: 640px) 1140px, \" \/><\/a><\/div><\/div><div class=\"clearfix\"><\/div><\/div><\/div><div class=\"fusion-clearfix\"><\/div><\/div><\/div><\/div><\/div><div class=\"fusion-fullwidth fullwidth-box fusion-builder-row-3 nonhundred-percent-fullwidth non-hundred-percent-height-scrolling\" style=\"--awb-border-radius-top-left:0px;--awb-border-radius-top-right:0px;--awb-border-radius-bottom-right:0px;--awb-border-radius-bottom-left:0px;--awb-padding-top:6%;--awb-padding-bottom:9%;--awb-background-color:rgba(231,204,182,0);--awb-background-image:linear-gradient(0deg, rgba(255,255,255,0.12) 42%,rgba(255,255,255,0.68) 57%);--awb-flex-wrap:wrap;\" ><div class=\"fusion-builder-row fusion-row\"><\/div><\/div><div class=\"fusion-fullwidth fullwidth-box fusion-builder-row-4 fusion-parallax-none nonhundred-percent-fullwidth non-hundred-percent-height-scrolling\" style=\"--awb-background-position:center bottom;--awb-border-radius-top-left:0px;--awb-border-radius-top-right:0px;--awb-border-radius-bottom-right:0px;--awb-border-radius-bottom-left:0px;--awb-padding-bottom:4%;--awb-background-image:linear-gradient(180deg, #ffffff 0%,rgba(231,204,182,0.49) 100%),url(http:\/\/www.cremeriascirocco.it\/wordpress\/wp-content\/uploads\/2019\/10\/cta-background-mandala.jpg);;--awb-background-size:cover;--awb-flex-wrap:wrap;\" ><div class=\"fusion-builder-row fusion-row\"><div class=\"fusion-layout-column fusion_builder_column fusion-builder-column-4 fusion_builder_column_1_6 1_6 fusion-one-sixth fusion-column-first\" style=\"--awb-bg-size:cover;width:16.666666666667%;width:calc(16.666666666667% - ( ( 4% + 4% ) * 0.16666666666667 ) );margin-right: 4%;\"><div class=\"fusion-column-wrapper fusion-column-has-shadow fusion-flex-column-wrapper-legacy\"><div class=\"fusion-clearfix\"><\/div><\/div><\/div><div class=\"fusion-layout-column fusion_builder_column fusion-builder-column-5 fusion_builder_column_2_3 2_3 fusion-two-third fusion-animated\" style=\"--awb-padding-top:60px;--awb-padding-right:30px;--awb-padding-bottom:60px;--awb-padding-left:30px;--awb-overflow:hidden;--awb-bg-color:#ffffff;--awb-bg-color-hover:#ffffff;--awb-bg-image:linear-gradient(0deg, rgba(231,204,182,0.76) 0%,rgba(231,204,182,0) 100%);--awb-bg-size:cover;--awb-box-shadow:0px 10px 30px 0px rgba(204,176,146,0.88);;--awb-border-radius:12px 12px 12px 12px;--awb-margin-top:-30px;--awb-margin-bottom:60px;width:66.666666666667%;width:calc(66.666666666667% - ( ( 4% + 4% ) * 0.66666666666667 ) );margin-right: 4%;\" data-animationType=\"fadeInUp\" data-animationDuration=\"1.0\" data-animationOffset=\"top-into-view\"><div class=\"fusion-column-wrapper fusion-column-has-shadow fusion-flex-column-wrapper-legacy\"><div class=\"fusion-text fusion-text-3\"><p style=\"text-align: center;\"><span style=\"color: #a794a4;\"><strong>VUOI PRENOTARE UNA CONSULENZA PRIVATA?<\/strong><\/span><\/p>\n<\/div><div class=\"fusion-title title fusion-title-3 fusion-sep-none fusion-title-center fusion-title-text fusion-title-size-two\" style=\"--awb-text-color:#abc96b;--awb-margin-top:-30px;--awb-margin-bottom:10px;--awb-margin-bottom-small:10px;--awb-font-size:60px;\"><h2 class=\"fusion-title-heading title-heading-center fusion-responsive-typography-calculated\" style=\"margin:0;font-size:1em;--fontSize:60;line-height:1.5;\">I Corsi di Andrea Bandiera<\/h2><\/div><div class=\"fusion-aligncenter\"><a class=\"fusion-button button-flat fusion-button-default-size button-custom fusion-button-default button-1 fusion-button-default-span fusion-button-default-type fusion-has-button-gradient\" style=\"--button_accent_color:#ffffff;--button_accent_hover_color:#ffffff;--button_border_hover_color:#d6327c;--button_border_width-top:0;--button_border_width-right:0;--button_border_width-bottom:0;--button_border_width-left:0;--button_gradient_top_color:#abc96b;--button_gradient_bottom_color:#abc96b;--button_gradient_top_color_hover:#abc96b;--button_gradient_bottom_color_hover:#b7db74;--button_text_transform:uppercase;\" target=\"_self\" href=\"http:\/\/www.cremeriascirocco.it\/wordpress\/classes\/\"><span class=\"fusion-button-text awb-button__text awb-button__text--default\">Sfoglia i Corsi<\/span><\/a><\/div><div class=\"fusion-clearfix\"><\/div><\/div><\/div><div class=\"fusion-layout-column fusion_builder_column fusion-builder-column-6 fusion_builder_column_1_6 1_6 fusion-one-sixth fusion-column-last fusion-no-small-visibility fusion-no-medium-visibility\" style=\"--awb-bg-size:cover;width:16.666666666667%;width:calc(16.666666666667% - ( ( 4% + 4% ) * 0.16666666666667 ) );\"><div class=\"fusion-column-wrapper fusion-column-has-shadow fusion-flex-column-wrapper-legacy\"><div class=\"fusion-clearfix\"><\/div><\/div><\/div><\/div><\/div><\/p>\n","protected":false},"excerpt":{"rendered":"","protected":false},"author":3,"featured_media":0,"parent":0,"menu_order":0,"comment_status":"closed","ping_status":"closed","template":"100-width.php","meta":{"footnotes":""},"class_list":["post-309","page","type-page","status-publish","hentry"],"yoast_head":"<!-- This site is optimized with the Yoast SEO plugin v27.6 - https:\/\/yoast.com\/product\/yoast-seo-wordpress\/ -->\n<title>CHI SIAMO - Cremeria Scirocco<\/title>\n<meta name=\"robots\" content=\"index, follow, max-snippet:-1, max-image-preview:large, max-video-preview:-1\" \/>\n<link rel=\"canonical\" href=\"https:\/\/www.cremeriascirocco.it\/wordpress\/chi-siamo\/\" \/>\n<meta property=\"og:locale\" content=\"it_IT\" \/>\n<meta property=\"og:type\" content=\"article\" \/>\n<meta property=\"og:title\" content=\"CHI SIAMO - Cremeria Scirocco\" \/>\n<meta property=\"og:url\" content=\"https:\/\/www.cremeriascirocco.it\/wordpress\/chi-siamo\/\" \/>\n<meta property=\"og:site_name\" content=\"Cremeria Scirocco\" \/>\n<meta property=\"article:publisher\" content=\"https:\/\/www.facebook.com\/cremeriascirocco\/\" \/>\n<meta property=\"article:modified_time\" content=\"2020-04-03T09:54:20+00:00\" \/>\n<meta name=\"twitter:card\" content=\"summary_large_image\" \/>\n<meta name=\"twitter:label1\" content=\"Tempo di lettura stimato\" \/>\n\t<meta name=\"twitter:data1\" content=\"15 minuti\" \/>\n<script type=\"application\/ld+json\" class=\"yoast-schema-graph\">{\"@context\":\"https:\\\/\\\/schema.org\",\"@graph\":[{\"@type\":\"WebPage\",\"@id\":\"https:\\\/\\\/www.cremeriascirocco.it\\\/wordpress\\\/chi-siamo\\\/\",\"url\":\"https:\\\/\\\/www.cremeriascirocco.it\\\/wordpress\\\/chi-siamo\\\/\",\"name\":\"CHI SIAMO - Cremeria Scirocco\",\"isPartOf\":{\"@id\":\"https:\\\/\\\/www.cremeriascirocco.it\\\/wordpress\\\/#website\"},\"datePublished\":\"2020-04-01T08:29:04+00:00\",\"dateModified\":\"2020-04-03T09:54:20+00:00\",\"breadcrumb\":{\"@id\":\"https:\\\/\\\/www.cremeriascirocco.it\\\/wordpress\\\/chi-siamo\\\/#breadcrumb\"},\"inLanguage\":\"it-IT\",\"potentialAction\":[{\"@type\":\"ReadAction\",\"target\":[\"https:\\\/\\\/www.cremeriascirocco.it\\\/wordpress\\\/chi-siamo\\\/\"]}]},{\"@type\":\"BreadcrumbList\",\"@id\":\"https:\\\/\\\/www.cremeriascirocco.it\\\/wordpress\\\/chi-siamo\\\/#breadcrumb\",\"itemListElement\":[{\"@type\":\"ListItem\",\"position\":1,\"name\":\"Home\",\"item\":\"https:\\\/\\\/www.cremeriascirocco.it\\\/wordpress\\\/en\\\/home\\\/\"},{\"@type\":\"ListItem\",\"position\":2,\"name\":\"CHI SIAMO\"}]},{\"@type\":\"WebSite\",\"@id\":\"https:\\\/\\\/www.cremeriascirocco.it\\\/wordpress\\\/#website\",\"url\":\"https:\\\/\\\/www.cremeriascirocco.it\\\/wordpress\\\/\",\"name\":\"Cremeria Scirocco\",\"description\":\"Gelateria Artigianale Creativa\",\"publisher\":{\"@id\":\"https:\\\/\\\/www.cremeriascirocco.it\\\/wordpress\\\/#organization\"},\"potentialAction\":[{\"@type\":\"SearchAction\",\"target\":{\"@type\":\"EntryPoint\",\"urlTemplate\":\"https:\\\/\\\/www.cremeriascirocco.it\\\/wordpress\\\/?s={search_term_string}\"},\"query-input\":{\"@type\":\"PropertyValueSpecification\",\"valueRequired\":true,\"valueName\":\"search_term_string\"}}],\"inLanguage\":\"it-IT\"},{\"@type\":\"Organization\",\"@id\":\"https:\\\/\\\/www.cremeriascirocco.it\\\/wordpress\\\/#organization\",\"name\":\"Cremeria Scirocco\",\"url\":\"https:\\\/\\\/www.cremeriascirocco.it\\\/wordpress\\\/\",\"logo\":{\"@type\":\"ImageObject\",\"inLanguage\":\"it-IT\",\"@id\":\"https:\\\/\\\/www.cremeriascirocco.it\\\/wordpress\\\/#\\\/schema\\\/logo\\\/image\\\/\",\"url\":\"https:\\\/\\\/www.cremeriascirocco.it\\\/wordpress\\\/wp-content\\\/uploads\\\/2020\\\/03\\\/band-logo.png\",\"contentUrl\":\"https:\\\/\\\/www.cremeriascirocco.it\\\/wordpress\\\/wp-content\\\/uploads\\\/2020\\\/03\\\/band-logo.png\",\"width\":496,\"height\":142,\"caption\":\"Cremeria Scirocco\"},\"image\":{\"@id\":\"https:\\\/\\\/www.cremeriascirocco.it\\\/wordpress\\\/#\\\/schema\\\/logo\\\/image\\\/\"},\"sameAs\":[\"https:\\\/\\\/www.facebook.com\\\/cremeriascirocco\\\/\",\"https:\\\/\\\/www.instagram.com\\\/cremeriascirocco\\\/\"]}]}<\/script>\n<!-- \/ Yoast SEO plugin. -->","yoast_head_json":{"title":"CHI SIAMO - Cremeria Scirocco","robots":{"index":"index","follow":"follow","max-snippet":"max-snippet:-1","max-image-preview":"max-image-preview:large","max-video-preview":"max-video-preview:-1"},"canonical":"https:\/\/www.cremeriascirocco.it\/wordpress\/chi-siamo\/","og_locale":"it_IT","og_type":"article","og_title":"CHI SIAMO - Cremeria Scirocco","og_url":"https:\/\/www.cremeriascirocco.it\/wordpress\/chi-siamo\/","og_site_name":"Cremeria Scirocco","article_publisher":"https:\/\/www.facebook.com\/cremeriascirocco\/","article_modified_time":"2020-04-03T09:54:20+00:00","twitter_card":"summary_large_image","twitter_misc":{"Tempo di lettura stimato":"15 minuti"},"schema":{"@context":"https:\/\/schema.org","@graph":[{"@type":"WebPage","@id":"https:\/\/www.cremeriascirocco.it\/wordpress\/chi-siamo\/","url":"https:\/\/www.cremeriascirocco.it\/wordpress\/chi-siamo\/","name":"CHI SIAMO - Cremeria Scirocco","isPartOf":{"@id":"https:\/\/www.cremeriascirocco.it\/wordpress\/#website"},"datePublished":"2020-04-01T08:29:04+00:00","dateModified":"2020-04-03T09:54:20+00:00","breadcrumb":{"@id":"https:\/\/www.cremeriascirocco.it\/wordpress\/chi-siamo\/#breadcrumb"},"inLanguage":"it-IT","potentialAction":[{"@type":"ReadAction","target":["https:\/\/www.cremeriascirocco.it\/wordpress\/chi-siamo\/"]}]},{"@type":"BreadcrumbList","@id":"https:\/\/www.cremeriascirocco.it\/wordpress\/chi-siamo\/#breadcrumb","itemListElement":[{"@type":"ListItem","position":1,"name":"Home","item":"https:\/\/www.cremeriascirocco.it\/wordpress\/en\/home\/"},{"@type":"ListItem","position":2,"name":"CHI SIAMO"}]},{"@type":"WebSite","@id":"https:\/\/www.cremeriascirocco.it\/wordpress\/#website","url":"https:\/\/www.cremeriascirocco.it\/wordpress\/","name":"Cremeria Scirocco","description":"Gelateria Artigianale Creativa","publisher":{"@id":"https:\/\/www.cremeriascirocco.it\/wordpress\/#organization"},"potentialAction":[{"@type":"SearchAction","target":{"@type":"EntryPoint","urlTemplate":"https:\/\/www.cremeriascirocco.it\/wordpress\/?s={search_term_string}"},"query-input":{"@type":"PropertyValueSpecification","valueRequired":true,"valueName":"search_term_string"}}],"inLanguage":"it-IT"},{"@type":"Organization","@id":"https:\/\/www.cremeriascirocco.it\/wordpress\/#organization","name":"Cremeria Scirocco","url":"https:\/\/www.cremeriascirocco.it\/wordpress\/","logo":{"@type":"ImageObject","inLanguage":"it-IT","@id":"https:\/\/www.cremeriascirocco.it\/wordpress\/#\/schema\/logo\/image\/","url":"https:\/\/www.cremeriascirocco.it\/wordpress\/wp-content\/uploads\/2020\/03\/band-logo.png","contentUrl":"https:\/\/www.cremeriascirocco.it\/wordpress\/wp-content\/uploads\/2020\/03\/band-logo.png","width":496,"height":142,"caption":"Cremeria Scirocco"},"image":{"@id":"https:\/\/www.cremeriascirocco.it\/wordpress\/#\/schema\/logo\/image\/"},"sameAs":["https:\/\/www.facebook.com\/cremeriascirocco\/","https:\/\/www.instagram.com\/cremeriascirocco\/"]}]}},"_links":{"self":[{"href":"https:\/\/www.cremeriascirocco.it\/wordpress\/wp-json\/wp\/v2\/pages\/309","targetHints":{"allow":["GET"]}}],"collection":[{"href":"https:\/\/www.cremeriascirocco.it\/wordpress\/wp-json\/wp\/v2\/pages"}],"about":[{"href":"https:\/\/www.cremeriascirocco.it\/wordpress\/wp-json\/wp\/v2\/types\/page"}],"author":[{"embeddable":true,"href":"https:\/\/www.cremeriascirocco.it\/wordpress\/wp-json\/wp\/v2\/users\/3"}],"replies":[{"embeddable":true,"href":"https:\/\/www.cremeriascirocco.it\/wordpress\/wp-json\/wp\/v2\/comments?post=309"}],"version-history":[{"count":26,"href":"https:\/\/www.cremeriascirocco.it\/wordpress\/wp-json\/wp\/v2\/pages\/309\/revisions"}],"predecessor-version":[{"id":2298,"href":"https:\/\/www.cremeriascirocco.it\/wordpress\/wp-json\/wp\/v2\/pages\/309\/revisions\/2298"}],"wp:attachment":[{"href":"https:\/\/www.cremeriascirocco.it\/wordpress\/wp-json\/wp\/v2\/media?parent=309"}],"curies":[{"name":"wp","href":"https:\/\/api.w.org\/{rel}","templated":true}]}}